{"id":1082,"date":"2019-07-03T16:19:27","date_gmt":"2019-07-03T14:19:27","guid":{"rendered":"https:\/\/www.fisioterapia-xaviercerrato.com\/new\/?page_id=1082"},"modified":"2022-01-21T19:43:58","modified_gmt":"2022-01-21T18:43:58","slug":"politica-de-privacitat","status":"publish","type":"page","link":"https:\/\/www.fisioterapia-xaviercerrato.com\/ca\/politica-de-privacitat\/","title":{"rendered":"Pol\u00edtica de privadesa"},"content":{"rendered":"\r\n\r\n\r\n<p class=\"p1\"><span class=\"s1\"><b>POL\u00cdTICA DE PRIVADESA I PROTECCI\u00d3 DE DADES<\/b><\/span><\/p>\r\n<p class=\"p1\"><span class=\"s2\">La direcci\u00f3 de la nostra web es: https:\/\/www.fisioterapia-xaviercerrato.com.<\/span><\/p>\r\n<p class=\"p1\"><span class=\"s2\"><i>Francisco Javier Cerrato Gomez \u00e9s una empresa en la qual la transpar\u00e8ncia en la informaci\u00f3 \u00e9s fonamental per establir una relaci\u00f3 de confian\u00e7a amb les persones que formen el nostre projecte i amb els nostres prove\u00efdors i clients, sent la protecci\u00f3 de les dades personals de les persones que confien en nosaltres de vital import\u00e0ncia, pel que qual volem mitjan\u00e7ant la present Pol\u00edtica de privadesa i protecci\u00f3 de dades personals, informar-te de com recaptem i com tractem o utilitzem aquestes dades.<\/i><\/span><\/p>\r\n<p class=\"p1\"><span class=\"s2\"><i>En aquesta pol\u00edtica de privadesa i protecci\u00f3 de dades personals s&#8217;estableixen les bases sobre les quals Francisco Javier Cerrato Gomez, amb domicili en C\/Mariners N\u00ba3 Bajo, 08003 Barcelona (Barcelona), tracta les dades de car\u00e0cter personal que volunt\u00e0riament ens faciliten els nostres usuaris a trav\u00e9s de la p\u00e0gina web.<\/i><\/span><\/p>\r\n<p class=\"p1\"><span class=\"s2\"><i>Aquesta Pol\u00edtica sempre ser\u00e0 aplicable quan es facilitin dades a Francisco Javier Cerrato Gomez, el qual ser\u00e0 responsable de les seves dades (Responsable del Tractament de les Dades), i a trav\u00e9s de qualsevol dels formularis de contacte o subscripci\u00f3 on es recullin dades de car\u00e0cter personal (nom, email, etc.).<\/i><\/span><\/p>\r\n<p class=\"p1\"><span class=\"s1\"><i>A QU\u00c8 ENS COMPROMETEM<\/i><\/span><\/p>\r\n<ul class=\"ul1\">\r\n<li class=\"li2\"><i><\/i><span class=\"s2\"><i>A respectar la privadesa dels nostres usuaris i tractar les dades personals amb el consentiment dels mateixos.<\/i><\/span><\/li>\r\n<li class=\"li2\"><i><\/i><span class=\"s2\"><i>A tractar les dades personals que estrictament necessitem per donar el servei sol\u00b7licitat, i tractar-les de forma segura i confidencial, prenent les mesures necess\u00e0ries per evitar l&#8217;acc\u00e9s no autoritzat i l&#8217;\u00fas indegut de les mateixes.<\/i><\/span><\/li>\r\n<li class=\"li2\"><i><\/i><span class=\"s2\"><i>A no utilitzar les dades personals per a finalitats per les quals no hem obtingut pr\u00e8viament el consentiment.<\/i><\/span><\/li>\r\n<li class=\"li2\"><i><\/i><span class=\"s2\"><i>A no donar les dades personals a tercers ni compartir-los.<\/i><\/span><\/li>\r\n<li class=\"li2\"><i><\/i><span class=\"s2\"><i>A conservar les dades personals durant el temps estrictament necessari per a la finalitat concreta per la qual han estat proporcionats.<\/i><\/span><\/li>\r\n<\/ul>\r\n<p class=\"p1\"><span class=\"s1\"><i>QUINES DADES PERSONALS UTILITZEM<\/i><\/span><\/p>\r\n<p class=\"p1\"><span class=\"s2\"><i>A trav\u00e9s de la nostra p\u00e0gina web podem recaptar dades personals per a diferents finalitats:<\/i><\/span><\/p>\r\n<ul class=\"ul1\">\r\n<li class=\"li2\"><i><\/i><span class=\"s2\"><i>Sol\u00b7licitud d&#8217;informaci\u00f3 per part de l&#8217;usuari<\/i><\/span><\/li>\r\n<\/ul>\r\n<p class=\"p1\"><span class=\"s2\"><i>Depenent de la finalitat per la qual s&#8217;aporten les dades, seran requerides les dades estrictament necess\u00e0ries. <\/i><\/span><\/p>\r\n<p class=\"p1\"><span class=\"s2\"><i>\u00c9s important que l&#8217;usuari sigui conscient de les dades que aporta i la finalitat per la qual ho fa perqu\u00e8 al moment que els facilita, est\u00e0 acceptant que recopilem, emmagatzemem i usem aquestes dades per a la finalitat requerida, podent a qualsevol moment retirar el consentiment prestat per les vies oportunes sent el consentiment de l&#8217;interessat la base legal i legitimaci\u00f3 per al tractament de les seves dades personals<\/i><\/span><\/p>\r\n<p class=\"p1\"><span class=\"s1\"><i>EXACTITUD I VERACITAT DE LES DADES<\/i><\/span><\/p>\r\n<p class=\"p1\"><span class=\"s2\"><i>L&#8217;usuari, en aportar les dades requerides en els formularis \u00e9s l&#8217;\u00fanic responsable de la veracitat de les dades remeses, garantint i responent de l&#8217;exactitud, vig\u00e8ncia i autenticitat de les dades personals facilitades, comprometent-se a mantenir-los degudament actualitzats.<\/i><\/span><\/p>\r\n<p class=\"p1\"><span class=\"s1\"><i>QUINS DRETS T\u00c9 SOBRE LES DADES PERSONALS APORTADES<\/i><\/span><\/p>\r\n<p class=\"p1\"><span class=\"s2\"><i>Una vegada aportades les dades personals tindr\u00e0 dret a:<\/i><\/span><\/p>\r\n<ul class=\"ul1\">\r\n<li class=\"li2\"><i><\/i><span class=\"s2\"><i>consultar qualsevol dubte i al fet que se li informi de com fem servir les dades i a obtenir ACC\u00c9S a les mateixes.<\/i><\/span><\/li>\r\n<li class=\"li2\"><i><\/i><span class=\"s2\"><i>que es RECTIFIQUI o esborri la seva informaci\u00f3 o a imposar LIMITACIONS en el tractament de la mateixa.<\/i><\/span><\/li>\r\n<li class=\"li2\"><i><\/i><span class=\"s2\"><i>CANCEL\u00b7LACI\u00d3 de les dades.<\/i><\/span><\/li>\r\n<li class=\"li2\"><i><\/i><span class=\"s2\"><i>OPOSAR-SE al tractament de les seves dades.<\/i><\/span><\/li>\r\n<li class=\"li2\"><i><\/i><span class=\"s2\"><i>PORTABILITAT de les dades.<\/i><\/span><\/li>\r\n<\/ul>\r\n<p class=\"p1\"><span class=\"s2\"><i>En qualsevol moment, podr\u00e0 exercitar aquests Drets, mitjan\u00e7ant un escrit i acreditant la seva personalitat dirigit a Francisco Javier Cerrato Gomez, en C\/Mariners N\u00ba3 Bajo, 08003 Barcelona (Barcelona), o a trav\u00e9s de l&#8217;adre\u00e7a de correu electr\u00f2nic: xaviercerrato@ironfisio.com.<\/i><\/span><\/p>\r\n<p class=\"p1\"><span class=\"s2\"><i>A m\u00e9s, podr\u00e0 presentar una reclamaci\u00f3 davant l&#8217;autoritat de control, en aquest cas, l&#8217;Ag\u00e8ncia Espanyola de Protecci\u00f3 de Dades, si considera que el tractament de dades personals infringeix la legislaci\u00f3 aplicable.<\/i><\/span><\/p>\r\n<p class=\"p1\"><span class=\"s1\"><i>SEGURETAT I EMMAGATZEMATGE DE LES DADES<\/i><\/span><\/p>\r\n<p class=\"p1\"><span class=\"s2\"><i>Mantindrem les dades durant el temps estrictament necessari per a la prestaci\u00f3 del servei sol\u00b7licitat i mentre el titular no sol\u00b7liciti la seva eliminaci\u00f3, adoptant les mesures adequades de car\u00e0cter t\u00e8cnic i organitzatiu contra el tractament no autoritzat o il\u00b7l\u00edcit i contra la seva p\u00e8rdua, destrucci\u00f3 o dany accidental, fent tot el possible per protegir-los i mantenir-los de forma segura.<\/i><\/span><\/p>\r\n<p class=\"p1\"><span class=\"s1\"><i>QUINES DADES PERSONALS COMPARTIM AMB TERCERS<\/i><\/span><\/p>\r\n<p class=\"p1\"><span class=\"s2\"><i>No es preveuen cessions de dades excepte en aquells casos en qu\u00e8 existeixi una obligaci\u00f3 legal. No hi ha previsi\u00f3 de transfer\u00e8ncies de dades internacionals.<\/i><\/span><\/p>\r\n<p class=\"p1\"><span class=\"s2\">\u00a0<\/span><\/p>\r\n","protected":false},"excerpt":{"rendered":"<p>POL\u00cdTICA DE PRIVADESA I PROTECCI\u00d3 DE DADES La direcci\u00f3 de la nostra web es: https:\/\/www.fisioterapia-xaviercerrato.com. Francisco Javier Cerrato Gomez \u00e9s una empresa en la qual la transpar\u00e8ncia en la informaci\u00f3 \u00e9s fonamental per establir una relaci\u00f3 de confian\u00e7a amb les persones que formen el nostre projecte i amb els nostres prove\u00efdors i clients, sent la [&#8230;]\n","protected":false},"author":1,"featured_media":0,"parent":0,"menu_order":0,"comment_status":"closed","ping_status":"open","template":"","meta":{"_joinchat":[],"footnotes":""},"class_list":["post-1082","page","type-page","status-publish","hentry"],"_links":{"self":[{"href":"https:\/\/www.fisioterapia-xaviercerrato.com\/ca\/wp-json\/wp\/v2\/pages\/1082","targetHints":{"allow":["GET"]}}],"collection":[{"href":"https:\/\/www.fisioterapia-xaviercerrato.com\/ca\/wp-json\/wp\/v2\/pages"}],"about":[{"href":"https:\/\/www.fisioterapia-xaviercerrato.com\/ca\/wp-json\/wp\/v2\/types\/page"}],"author":[{"embeddable":true,"href":"https:\/\/www.fisioterapia-xaviercerrato.com\/ca\/wp-json\/wp\/v2\/users\/1"}],"replies":[{"embeddable":true,"href":"https:\/\/www.fisioterapia-xaviercerrato.com\/ca\/wp-json\/wp\/v2\/comments?post=1082"}],"version-history":[{"count":2,"href":"https:\/\/www.fisioterapia-xaviercerrato.com\/ca\/wp-json\/wp\/v2\/pages\/1082\/revisions"}],"predecessor-version":[{"id":1619,"href":"https:\/\/www.fisioterapia-xaviercerrato.com\/ca\/wp-json\/wp\/v2\/pages\/1082\/revisions\/1619"}],"wp:attachment":[{"href":"https:\/\/www.fisioterapia-xaviercerrato.com\/ca\/wp-json\/wp\/v2\/media?parent=1082"}],"curies":[{"name":"wp","href":"https:\/\/api.w.org\/{rel}","templated":true}]}}