{"id":758,"date":"2019-06-26T11:24:22","date_gmt":"2019-06-26T09:24:22","guid":{"rendered":"https:\/\/www.fisioterapia-xaviercerrato.com\/new\/?page_id=758"},"modified":"2019-07-31T14:04:30","modified_gmt":"2019-07-31T12:04:30","slug":"mobilitzacions-articulars","status":"publish","type":"page","link":"https:\/\/www.fisioterapia-xaviercerrato.com\/ca\/tractaments\/mobilitzacions-articulars\/","title":{"rendered":"Mobilitzacions articulars"},"content":{"rendered":"\n\n\t<section class=\"section\" id=\"section_1919092117\">\n\t\t<div class=\"section-bg fill\" >\n\t\t\t\t\t\t\t\t\t\n\t\t\t\n\n\t\t<\/div>\n\n\t\t\n\n\t\t<div class=\"section-content relative\">\n\t\t\t\n\n<div class=\"container section-title-container\" ><h1 class=\"section-title section-title-center\"><b aria-hidden=\"true\"><\/b><span class=\"section-title-main\" >MOBILITZACIONS ARTICULARS<\/span><b aria-hidden=\"true\"><\/b><\/h1><\/div>\n\n\n\t\t<\/div>\n\n\t\t\n<style>\n#section_1919092117 {\n  padding-top: 30px;\n  padding-bottom: 30px;\n}\n<\/style>\n\t<\/section>\n\t\n\n\t<section class=\"section\" id=\"section_408086212\">\n\t\t<div class=\"section-bg fill\" >\n\t\t\t\t\t\t\t\t\t\n\t\t\t\n\n\t\t<\/div>\n\n\t\t\n\n\t\t<div class=\"section-content relative\">\n\t\t\t\n\n<div class=\"row\"  id=\"row-12946361\">\n\n\n\t<div id=\"col-989284225\" class=\"col medium-6 small-12 large-6\"  >\n\t\t\t\t<div class=\"col-inner\"  >\n\t\t\t\n\t\t\t\n\n\t<div class=\"img has-hover x md-x lg-x y md-y lg-y\" id=\"image_1151962635\">\n\t\t\t\t\t\t\t\t<div class=\"img-inner dark\" style=\"margin:-1px 0px 0px 0px;\">\n\t\t\t<img loading=\"lazy\" decoding=\"async\" width=\"510\" height=\"340\" src=\"https:\/\/www.fisioterapia-xaviercerrato.com\/wp-content\/uploads\/2019\/07\/Movilizaciones-Articulares-Barcelona.jpg\" class=\"attachment-large size-large\" alt=\"\" \/>\t\t\t\t\t\t\n\t\t\t\t\t<\/div>\n\t\t\t\t\t\t\t\t\n<style>\n#image_1151962635 {\n  width: 100%;\n}\n<\/style>\n\t<\/div>\n\t\n\n\n\t\t<\/div>\n\t\t\t\t\n<style>\n#col-989284225 > .col-inner {\n  padding: 0 0px 0px 0px;\n  margin: 0 0px 0px 0px;\n}\n<\/style>\n\t<\/div>\n\n\t\n\n\t<div id=\"col-1386084388\" class=\"col medium-6 small-12 large-6\"  >\n\t\t\t\t<div class=\"col-inner text-left\"  >\n\t\t\t\n\t\t\t\n\n<p>Les t\u00e8cniques de mobilitzaci\u00f3 articular es centren en aconseguir que <strong>puguis moure les teves articulacions sense dolor i amb llibertat.<\/strong><\/p>\n<p>Consisteixen en traccions mantingudes o de repetici\u00f3, amb moviments de lliscament de les superf\u00edcies articulars de forma passiva o activa amb l&#8217;objectiu de guanyar o mantenir l&#8217;arc de moviment articular.<\/p>\n<p><strong>Alguns dels beneficis de les mobilitzacions articulars:<\/strong><\/p>\n<ul>\n<li>Eliminaci\u00f3 o reducci\u00f3 del dolor<\/li>\n<li>Millora de la mobilitat articular<\/li>\n<li>Major elasticitat als teixits<\/li>\n<li>Ampliaci\u00f3 dels moviments<\/li>\n<li>Optimitzaci\u00f3 de l&#8217;estructura de l&#8217;organisme<\/li>\n<li>Promoci\u00f3 del desenvolupament muscular<\/li>\n<\/ul>\n\n\t\t<\/div>\n\t\t\t\t\n<style>\n#col-1386084388 > .col-inner {\n  padding: 0% 0% 0% 0%;\n  max-width: 520px;\n}\n<\/style>\n\t<\/div>\n\n\t\n\n<\/div>\n\n\t\t<\/div>\n\n\t\t\n<style>\n#section_408086212 {\n  padding-top: 30px;\n  padding-bottom: 30px;\n}\n<\/style>\n\t<\/section>\n\t\n\n\t<section class=\"section\" id=\"section_839980018\">\n\t\t<div class=\"section-bg fill\" >\n\t\t\t<img loading=\"lazy\" decoding=\"async\" width=\"800\" height=\"620\" src=\"https:\/\/www.fisioterapia-xaviercerrato.com\/wp-content\/uploads\/2019\/04\/MOBILITZACIONS-ARTICUALRS-1.jpg\" class=\"bg attachment- size-\" alt=\"\" \/>\t\t\t\t\t\t<div class=\"section-bg-overlay absolute fill\"><\/div>\n\t\t\t\n\n\t\t<\/div>\n\n\t\t\n\n\t\t<div class=\"section-content relative\">\n\t\t\t\n\n<h3>&nbsp;<\/h3>\n<h1 class=\"uppercase\" style=\"text-align: center; color: white;\"><span style=\"font-size: 115%;\">MILLORA LA TEVA SALUT I EL TEU BENESTAR<\/span><\/h1>\n<p style=\"text-align: center; color: white;\"><span style=\"font-size: 115%;\">Explica&#8217;ns qu\u00e8 vols i et respondrem en menys de 72 hores<\/span><\/p>\n<div class=\"row\"  id=\"row-1067849693\">\n\n\n\t<div id=\"col-1214012303\" class=\"col small-12 large-12\"  >\n\t\t\t\t<div class=\"col-inner\"  >\n\t\t\t\n\t\t\t\n\n\n<div class=\"wpcf7 no-js\" id=\"wpcf7-f1179-o1\" lang=\"en-US\" dir=\"ltr\" data-wpcf7-id=\"1179\">\n<div class=\"screen-reader-response\"><p role=\"status\" aria-live=\"polite\" aria-atomic=\"true\"><\/p> <ul><\/ul><\/div>\n<form action=\"\/ca\/wp-json\/wp\/v2\/pages\/758#wpcf7-f1179-o1\" method=\"post\" class=\"wpcf7-form init\" aria-label=\"Contact form\" novalidate=\"novalidate\" data-status=\"init\">\n<fieldset class=\"hidden-fields-container\"><input type=\"hidden\" name=\"_wpcf7\" value=\"1179\" \/><input type=\"hidden\" name=\"_wpcf7_version\" value=\"6.1.4\" \/><input type=\"hidden\" name=\"_wpcf7_locale\" value=\"en_US\" \/><input type=\"hidden\" name=\"_wpcf7_unit_tag\" value=\"wpcf7-f1179-o1\" \/><input type=\"hidden\" name=\"_wpcf7_container_post\" value=\"0\" \/><input type=\"hidden\" name=\"_wpcf7_posted_data_hash\" value=\"\" \/><input type=\"hidden\" name=\"_wpcf7_recaptcha_response\" value=\"\" \/>\n<\/fieldset>\n<p><span class=\"wpcf7-form-control-wrap\" data-name=\"your-name\"><input size=\"40\" maxlength=\"400\" class=\"wpcf7-form-control wpcf7-text wpcf7-validates-as-required\" aria-required=\"true\" aria-invalid=\"false\" placeholder=\"Nom (obligatori)\" value=\"\" type=\"text\" name=\"your-name\" \/><\/span>\n<\/p>\n<p><span class=\"wpcf7-form-control-wrap\" data-name=\"your-email\"><input size=\"40\" maxlength=\"400\" class=\"wpcf7-form-control wpcf7-email wpcf7-validates-as-required wpcf7-text wpcf7-validates-as-email\" aria-required=\"true\" aria-invalid=\"false\" placeholder=\"Email (obligatori)\" value=\"\" type=\"email\" name=\"your-email\" \/><\/span>\n<\/p>\n<p><span class=\"wpcf7-form-control-wrap\" data-name=\"your-message\"><textarea cols=\"40\" rows=\"10\" maxlength=\"2000\" class=\"wpcf7-form-control wpcf7-textarea\" aria-invalid=\"false\" placeholder=\"Missatge (obligatori)\" name=\"your-message\"><\/textarea><\/span>\n<\/p>\n<p style=\"font-size:12px;\">INFORMACI\u00d3 B\u00c0SICA DE PROTECCI\u00d3 DE DADES: En compliment del deure d\u2019 informar als interessats de les circumst\u00e0ncies i condicions del tractament de les seves dades i dels drets que l\u2019 assisteixen, posem a la seva disposici\u00f3 la seg\u00fcent informaci\u00f3.\n<\/p>\n<p style=\"font-size:12px;\">RESPONSABLE DEL TRACTAMENT: Francisco Javier Cerrato Gomez\n<\/p>\n<p style=\"font-size:12px;\">FINALITAT DEL TRACTAMENT DE LES SEVES DADES: Gestionar i respondre la seva consulta.\n<\/p>\n<p style=\"font-size:12px;\">CONSERVACI\u00d3 DE LES DADES: Les dades es conserven el temps estrictament necessari per a la relaci\u00f3 i el que es exigible legalment, sent destru\u00efdes posteriorment mitjan\u00e7ant els processos segurs de l\u2019organitzaci\u00f3.\n<\/p>\n<p style=\"font-size:12px;\">LEGITIMACI\u00d3 PER A EL TRACTAMENT: Inter\u00e8s leg\u00edtim de les parts per a donar resposta a la sol\u00b7licitud d\u2019informaci\u00f3.\n<\/p>\n<p style=\"font-size:12px;\">DESTINATARIS DE LES SEVES DADES PERSONALS: No es preveuen cessions de dades excepte en aquells casos que existeixi una obligaci\u00f3 legal. No hi ha previsi\u00f3 de transfer\u00e8ncies de dades internacionals.\n<\/p>\n<p style=\"font-size:12px;\">ELS SEUS DRETS: Pot revocar el consentiment i exercir els seus drets a accedir, rectificar, oposar-se, limitar, portar i suprimir dades escrivint a Francisco Javier Cerrato Gomez, a C\/Mariners N\u00ba3 Bajo, 08003 Barcelona (Barcelona) a m\u00e9s d\u2019 acudir a l\u2019 autoritat de control competent (AEPD)\n<\/p>\n<p><span class=\"wpcf7-form-control-wrap\" data-name=\"acceptance-390\"><span class=\"wpcf7-form-control wpcf7-acceptance\"><span class=\"wpcf7-list-item\"><label><input type=\"checkbox\" name=\"acceptance-390\" value=\"1\" aria-invalid=\"false\" \/><span class=\"wpcf7-list-item-label\">Accepto les condicions de l\u2019\u00fas del formulari de contacte<\/span><\/label><\/span><\/span><\/span>\n<\/p>\n<p><span class=\"wpcf7-form-control-wrap\" data-name=\"acceptance-90\"><span class=\"wpcf7-form-control wpcf7-acceptance optional\"><span class=\"wpcf7-list-item\"><label><input type=\"checkbox\" name=\"acceptance-90\" value=\"1\" aria-invalid=\"false\" \/><span class=\"wpcf7-list-item-label\">Accepto que les meves dades identificatives siguin incloses per a finalitats comercials de Francisco Javier Cerrato Gomez.<\/span><\/label><\/span><\/span><\/span>\n<\/p>\n<p><input class=\"wpcf7-form-control wpcf7-submit has-spinner button\" type=\"submit\" value=\"Enviar\" \/>\n<\/p><div class=\"wpcf7-response-output\" aria-hidden=\"true\"><\/div>\n<\/form>\n<\/div>\n\n\n\n\t\t<\/div>\n\t\t\t\t\t<\/div>\n\n\t\n\n<\/div>\n\n\t\t<\/div>\n\n\t\t\n<style>\n#section_839980018 {\n  padding-top: 30px;\n  padding-bottom: 30px;\n}\n#section_839980018 .section-bg-overlay {\n  background-color: rgba(22, 71, 100, 0.49);\n}\n#section_839980018 .section-bg img {\n  object-position: 89% 38%;\n}\n<\/style>\n\t<\/section>\n\t\n\n","protected":false},"excerpt":{"rendered":"","protected":false},"author":1,"featured_media":0,"parent":741,"menu_order":0,"comment_status":"closed","ping_status":"closed","template":"page-blank.php","meta":{"_joinchat":[],"footnotes":""},"class_list":["post-758","page","type-page","status-publish","hentry"],"_links":{"self":[{"href":"https:\/\/www.fisioterapia-xaviercerrato.com\/ca\/wp-json\/wp\/v2\/pages\/758","targetHints":{"allow":["GET"]}}],"collection":[{"href":"https:\/\/www.fisioterapia-xaviercerrato.com\/ca\/wp-json\/wp\/v2\/pages"}],"about":[{"href":"https:\/\/www.fisioterapia-xaviercerrato.com\/ca\/wp-json\/wp\/v2\/types\/page"}],"author":[{"embeddable":true,"href":"https:\/\/www.fisioterapia-xaviercerrato.com\/ca\/wp-json\/wp\/v2\/users\/1"}],"replies":[{"embeddable":true,"href":"https:\/\/www.fisioterapia-xaviercerrato.com\/ca\/wp-json\/wp\/v2\/comments?post=758"}],"version-history":[{"count":9,"href":"https:\/\/www.fisioterapia-xaviercerrato.com\/ca\/wp-json\/wp\/v2\/pages\/758\/revisions"}],"predecessor-version":[{"id":1517,"href":"https:\/\/www.fisioterapia-xaviercerrato.com\/ca\/wp-json\/wp\/v2\/pages\/758\/revisions\/1517"}],"up":[{"embeddable":true,"href":"https:\/\/www.fisioterapia-xaviercerrato.com\/ca\/wp-json\/wp\/v2\/pages\/741"}],"wp:attachment":[{"href":"https:\/\/www.fisioterapia-xaviercerrato.com\/ca\/wp-json\/wp\/v2\/media?parent=758"}],"curies":[{"name":"wp","href":"https:\/\/api.w.org\/{rel}","templated":true}]}}