{"id":763,"date":"2019-06-26T11:40:28","date_gmt":"2019-06-26T09:40:28","guid":{"rendered":"https:\/\/www.fisioterapia-xaviercerrato.com\/new\/?page_id=763"},"modified":"2019-07-31T14:03:27","modified_gmt":"2019-07-31T12:03:27","slug":"massatge-terapeutic","status":"publish","type":"page","link":"https:\/\/www.fisioterapia-xaviercerrato.com\/ca\/tractaments\/massatge-terapeutic\/","title":{"rendered":"Massatge terapeutic"},"content":{"rendered":"\n\n\t<section class=\"section\" id=\"section_505676136\">\n\t\t<div class=\"section-bg fill\" >\n\t\t\t\t\t\t\t\t\t<div class=\"section-bg-overlay absolute fill\"><\/div>\n\t\t\t\n\n\t\t<\/div>\n\n\t\t\n\n\t\t<div class=\"section-content relative\">\n\t\t\t\n\n<div class=\"container section-title-container\" ><h1 class=\"section-title section-title-center\"><b aria-hidden=\"true\"><\/b><span class=\"section-title-main\" >MASSATGE TERAP\u00c8UTIC<\/span><b aria-hidden=\"true\"><\/b><\/h1><\/div>\n\n\n\t\t<\/div>\n\n\t\t\n<style>\n#section_505676136 {\n  padding-top: 30px;\n  padding-bottom: 30px;\n  background-color: rgb(247, 247, 247);\n}\n#section_505676136 .section-bg-overlay {\n  background-color: rgba(255, 255, 255, 0.85);\n}\n<\/style>\n\t<\/section>\n\t\n\n\t<section class=\"section\" id=\"section_334619453\">\n\t\t<div class=\"section-bg fill\" >\n\t\t\t\t\t\t\t\t\t\n\t\t\t\n\n\t\t<\/div>\n\n\t\t\n\n\t\t<div class=\"section-content relative\">\n\t\t\t\n\n<div class=\"row\"  id=\"row-1419506872\">\n\n\n\t<div id=\"col-872718640\" class=\"col medium-6 small-12 large-6\"  >\n\t\t\t\t<div class=\"col-inner\"  >\n\t\t\t\n\t\t\t\n\n\t<div class=\"img has-hover x md-x lg-x y md-y lg-y\" id=\"image_1677882397\">\n\t\t\t\t\t\t\t\t<div class=\"img-inner dark\" style=\"margin:-1px 0px 0px 0px;\">\n\t\t\t<img loading=\"lazy\" decoding=\"async\" width=\"510\" height=\"340\" src=\"https:\/\/www.fisioterapia-xaviercerrato.com\/wp-content\/uploads\/2019\/07\/Masaje-Terap\u00e9utico-Barcelona-2.jpg\" class=\"attachment-large size-large\" alt=\"\" \/>\t\t\t\t\t\t\n\t\t\t\t\t<\/div>\n\t\t\t\t\t\t\t\t\n<style>\n#image_1677882397 {\n  width: 100%;\n}\n<\/style>\n\t<\/div>\n\t\n\n\n\t\t<\/div>\n\t\t\t\t\n<style>\n#col-872718640 > .col-inner {\n  padding: 0 0px 0px 0px;\n  margin: 0 0px 0px 0px;\n}\n<\/style>\n\t<\/div>\n\n\t\n\n\t<div id=\"col-757694458\" class=\"col medium-6 small-12 large-6\"  >\n\t\t\t\t<div class=\"col-inner text-left\"  >\n\t\t\t\n\t\t\t\n\n<p>Conjunt de maniobres manuals que ajuden a recuperar-se de diferents patologies dels teixits tous (m\u00fasculs, f\u00e0scies, tendons, lligaments, teixit subcutani&#8230;). El massatge terap\u00e8utic relaxa el teixit muscular, augmenta el moviment dels m\u00fasculs i de les articulacions i millora el funcionament de les articulacions i del sistema nervi\u00f3s.<\/p>\n<p><strong>Alguns dels beneficis del massatge terap\u00e8utic:<\/strong><\/p>\n<ul>\n<li>Alleujament de l&#8217;estr\u00e8s<\/li>\n<li>Eliminaci\u00f3 o reducci\u00f3 del dolor<\/li>\n<li>Millora de la circulaci\u00f3<\/li>\n<li>Millora de la mobilitat<\/li>\n<li>Ajuda a estar en equilibri <\/li>\n<\/ul>\n<p>El massatge terap\u00e8utic est\u00e0 molt indicat per a<strong> persones amb estr\u00e8s i esportistes<\/strong>, ja que els ajuda a estar en bona forma<\/p>\n\n\t\t<\/div>\n\t\t\t\t\n<style>\n#col-757694458 > .col-inner {\n  padding: 0% 0% 0% 0%;\n  max-width: 520px;\n}\n<\/style>\n\t<\/div>\n\n\t\n\n<\/div>\n\n\t\t<\/div>\n\n\t\t\n<style>\n#section_334619453 {\n  padding-top: 30px;\n  padding-bottom: 30px;\n}\n<\/style>\n\t<\/section>\n\t\n\n\t<section class=\"section\" id=\"section_1140132959\">\n\t\t<div class=\"section-bg fill\" >\n\t\t\t<img loading=\"lazy\" decoding=\"async\" width=\"800\" height=\"620\" src=\"https:\/\/www.fisioterapia-xaviercerrato.com\/wp-content\/uploads\/2019\/04\/MOBILITZACIONS-ARTICUALRS-1.jpg\" class=\"bg attachment- size-\" alt=\"\" \/>\t\t\t\t\t\t<div class=\"section-bg-overlay absolute fill\"><\/div>\n\t\t\t\n\n\t\t<\/div>\n\n\t\t\n\n\t\t<div class=\"section-content relative\">\n\t\t\t\n\n<h3>&nbsp;<\/h3>\n<h1 class=\"uppercase\" style=\"text-align: center; color: white\"><span style=\"font-size: 115%;\">mejora tu salud y tu bienestar<\/span><\/h1>\n<p style=\"text-align: center; color: white\"><span style=\"font-size: 115%;\">Expl\u00edcanos qu\u00e9 quieres y te responderemos en menos de 72 horas<\/span><\/p>\n<div class=\"row\"  id=\"row-1109716123\">\n\n\n\t<div id=\"col-1310765903\" class=\"col small-12 large-12\"  >\n\t\t\t\t<div class=\"col-inner\"  >\n\t\t\t\n\t\t\t\n\n\n<div class=\"wpcf7 no-js\" id=\"wpcf7-f1179-o1\" lang=\"en-US\" dir=\"ltr\" data-wpcf7-id=\"1179\">\n<div class=\"screen-reader-response\"><p role=\"status\" aria-live=\"polite\" aria-atomic=\"true\"><\/p> <ul><\/ul><\/div>\n<form action=\"\/ca\/wp-json\/wp\/v2\/pages\/763#wpcf7-f1179-o1\" method=\"post\" class=\"wpcf7-form init\" aria-label=\"Contact form\" novalidate=\"novalidate\" data-status=\"init\">\n<fieldset class=\"hidden-fields-container\"><input type=\"hidden\" name=\"_wpcf7\" value=\"1179\" \/><input type=\"hidden\" name=\"_wpcf7_version\" value=\"6.1.4\" \/><input type=\"hidden\" name=\"_wpcf7_locale\" value=\"en_US\" \/><input type=\"hidden\" name=\"_wpcf7_unit_tag\" value=\"wpcf7-f1179-o1\" \/><input type=\"hidden\" name=\"_wpcf7_container_post\" value=\"0\" \/><input type=\"hidden\" name=\"_wpcf7_posted_data_hash\" value=\"\" \/><input type=\"hidden\" name=\"_wpcf7_recaptcha_response\" value=\"\" \/>\n<\/fieldset>\n<p><span class=\"wpcf7-form-control-wrap\" data-name=\"your-name\"><input size=\"40\" maxlength=\"400\" class=\"wpcf7-form-control wpcf7-text wpcf7-validates-as-required\" aria-required=\"true\" aria-invalid=\"false\" placeholder=\"Nom (obligatori)\" value=\"\" type=\"text\" name=\"your-name\" \/><\/span>\n<\/p>\n<p><span class=\"wpcf7-form-control-wrap\" data-name=\"your-email\"><input size=\"40\" maxlength=\"400\" class=\"wpcf7-form-control wpcf7-email wpcf7-validates-as-required wpcf7-text wpcf7-validates-as-email\" aria-required=\"true\" aria-invalid=\"false\" placeholder=\"Email (obligatori)\" value=\"\" type=\"email\" name=\"your-email\" \/><\/span>\n<\/p>\n<p><span class=\"wpcf7-form-control-wrap\" data-name=\"your-message\"><textarea cols=\"40\" rows=\"10\" maxlength=\"2000\" class=\"wpcf7-form-control wpcf7-textarea\" aria-invalid=\"false\" placeholder=\"Missatge (obligatori)\" name=\"your-message\"><\/textarea><\/span>\n<\/p>\n<p style=\"font-size:12px;\">INFORMACI\u00d3 B\u00c0SICA DE PROTECCI\u00d3 DE DADES: En compliment del deure d\u2019 informar als interessats de les circumst\u00e0ncies i condicions del tractament de les seves dades i dels drets que l\u2019 assisteixen, posem a la seva disposici\u00f3 la seg\u00fcent informaci\u00f3.\n<\/p>\n<p style=\"font-size:12px;\">RESPONSABLE DEL TRACTAMENT: Francisco Javier Cerrato Gomez\n<\/p>\n<p style=\"font-size:12px;\">FINALITAT DEL TRACTAMENT DE LES SEVES DADES: Gestionar i respondre la seva consulta.\n<\/p>\n<p style=\"font-size:12px;\">CONSERVACI\u00d3 DE LES DADES: Les dades es conserven el temps estrictament necessari per a la relaci\u00f3 i el que es exigible legalment, sent destru\u00efdes posteriorment mitjan\u00e7ant els processos segurs de l\u2019organitzaci\u00f3.\n<\/p>\n<p style=\"font-size:12px;\">LEGITIMACI\u00d3 PER A EL TRACTAMENT: Inter\u00e8s leg\u00edtim de les parts per a donar resposta a la sol\u00b7licitud d\u2019informaci\u00f3.\n<\/p>\n<p style=\"font-size:12px;\">DESTINATARIS DE LES SEVES DADES PERSONALS: No es preveuen cessions de dades excepte en aquells casos que existeixi una obligaci\u00f3 legal. No hi ha previsi\u00f3 de transfer\u00e8ncies de dades internacionals.\n<\/p>\n<p style=\"font-size:12px;\">ELS SEUS DRETS: Pot revocar el consentiment i exercir els seus drets a accedir, rectificar, oposar-se, limitar, portar i suprimir dades escrivint a Francisco Javier Cerrato Gomez, a C\/Mariners N\u00ba3 Bajo, 08003 Barcelona (Barcelona) a m\u00e9s d\u2019 acudir a l\u2019 autoritat de control competent (AEPD)\n<\/p>\n<p><span class=\"wpcf7-form-control-wrap\" data-name=\"acceptance-390\"><span class=\"wpcf7-form-control wpcf7-acceptance\"><span class=\"wpcf7-list-item\"><label><input type=\"checkbox\" name=\"acceptance-390\" value=\"1\" aria-invalid=\"false\" \/><span class=\"wpcf7-list-item-label\">Accepto les condicions de l\u2019\u00fas del formulari de contacte<\/span><\/label><\/span><\/span><\/span>\n<\/p>\n<p><span class=\"wpcf7-form-control-wrap\" data-name=\"acceptance-90\"><span class=\"wpcf7-form-control wpcf7-acceptance optional\"><span class=\"wpcf7-list-item\"><label><input type=\"checkbox\" name=\"acceptance-90\" value=\"1\" aria-invalid=\"false\" \/><span class=\"wpcf7-list-item-label\">Accepto que les meves dades identificatives siguin incloses per a finalitats comercials de Francisco Javier Cerrato Gomez.<\/span><\/label><\/span><\/span><\/span>\n<\/p>\n<p><input class=\"wpcf7-form-control wpcf7-submit has-spinner button\" type=\"submit\" value=\"Enviar\" \/>\n<\/p><div class=\"wpcf7-response-output\" aria-hidden=\"true\"><\/div>\n<\/form>\n<\/div>\n\n\n\n\t\t<\/div>\n\t\t\t\t\t<\/div>\n\n\t\n\n<\/div>\n\n\t\t<\/div>\n\n\t\t\n<style>\n#section_1140132959 {\n  padding-top: 30px;\n  padding-bottom: 30px;\n}\n#section_1140132959 .section-bg-overlay {\n  background-color: rgba(22, 71, 100, 0.49);\n}\n#section_1140132959 .section-bg img {\n  object-position: 89% 38%;\n}\n<\/style>\n\t<\/section>\n\t\n\n","protected":false},"excerpt":{"rendered":"","protected":false},"author":1,"featured_media":0,"parent":741,"menu_order":0,"comment_status":"closed","ping_status":"closed","template":"page-blank.php","meta":{"_joinchat":[],"footnotes":""},"class_list":["post-763","page","type-page","status-publish","hentry"],"_links":{"self":[{"href":"https:\/\/www.fisioterapia-xaviercerrato.com\/ca\/wp-json\/wp\/v2\/pages\/763","targetHints":{"allow":["GET"]}}],"collection":[{"href":"https:\/\/www.fisioterapia-xaviercerrato.com\/ca\/wp-json\/wp\/v2\/pages"}],"about":[{"href":"https:\/\/www.fisioterapia-xaviercerrato.com\/ca\/wp-json\/wp\/v2\/types\/page"}],"author":[{"embeddable":true,"href":"https:\/\/www.fisioterapia-xaviercerrato.com\/ca\/wp-json\/wp\/v2\/users\/1"}],"replies":[{"embeddable":true,"href":"https:\/\/www.fisioterapia-xaviercerrato.com\/ca\/wp-json\/wp\/v2\/comments?post=763"}],"version-history":[{"count":6,"href":"https:\/\/www.fisioterapia-xaviercerrato.com\/ca\/wp-json\/wp\/v2\/pages\/763\/revisions"}],"predecessor-version":[{"id":1516,"href":"https:\/\/www.fisioterapia-xaviercerrato.com\/ca\/wp-json\/wp\/v2\/pages\/763\/revisions\/1516"}],"up":[{"embeddable":true,"href":"https:\/\/www.fisioterapia-xaviercerrato.com\/ca\/wp-json\/wp\/v2\/pages\/741"}],"wp:attachment":[{"href":"https:\/\/www.fisioterapia-xaviercerrato.com\/ca\/wp-json\/wp\/v2\/media?parent=763"}],"curies":[{"name":"wp","href":"https:\/\/api.w.org\/{rel}","templated":true}]}}