{"id":987,"date":"2019-07-02T12:42:42","date_gmt":"2019-07-02T10:42:42","guid":{"rendered":"https:\/\/www.fisioterapia-xaviercerrato.com\/new\/?page_id=987"},"modified":"2020-06-30T11:10:33","modified_gmt":"2020-06-30T09:10:33","slug":"physiotherapy-center","status":"publish","type":"page","link":"https:\/\/www.fisioterapia-xaviercerrato.com\/en\/physiotherapy-center\/","title":{"rendered":"Physiotherapy Center"},"content":{"rendered":"\n\n  <div class=\"banner has-hover\" id=\"banner-675422570\">\n          <div class=\"banner-inner fill\">\n        <div class=\"banner-bg fill\" >\n            <img loading=\"lazy\" decoding=\"async\" width=\"5601\" height=\"3734\" src=\"https:\/\/www.fisioterapia-xaviercerrato.com\/wp-content\/uploads\/2019\/04\/centro-de-fisioterapia-barcelona.jpg\" class=\"bg attachment-original size-original\" alt=\"\" \/>                                    \n                    <\/div>\n\t\t\n        <div class=\"banner-layers container\">\n            <div class=\"fill banner-link\"><\/div>            \n\n\n        <\/div>\n      <\/div>\n\n            \n<style>\n#banner-675422570 {\n  padding-top: 459px;\n}\n#banner-675422570 .banner-bg img {\n  object-position: 41% 15%;\n}\n<\/style>\n  <\/div>\n\n\n<div class=\"row\"  id=\"row-1230070779\">\n\n\n\t<div id=\"col-2025977003\" class=\"col small-12 large-12\"  >\n\t\t\t\t<div class=\"col-inner\"  >\n\t\t\t\n\t\t\t\n\n\n\t<section class=\"section\" id=\"section_2065961178\">\n\t\t<div class=\"section-bg fill\" >\n\t\t\t\t\t\t\t\t\t\n\t\t\t\n\n\t\t<\/div>\n\n\t\t\n\n\t\t<div class=\"section-content relative\">\n\t\t\t\n\n<p><strong>The Xavier Cerrato<\/strong> Physiotherapy Center has more than 30 years of experience.<\/p>\n<p>We understand physiotherapy as a set of methods to assess, diagnose and perform the treatment of neuromusculoskeletal problems caused by daily life.<\/p>\n<p><span style=\"font-size: 105%;\"><strong>Our mission:<\/strong><\/span><\/p>\n<p>We work for achieving that many people (workers, retirees, young people, children) find answers to their back pains, muscular and skeletal problems and can lead a full life in their work, family, social and sports fields.<\/p>\n<p><span style=\"font-size: 105%;\"><strong>Our values:<\/strong><\/span><\/p>\n<ul>\n<li>Personalization<\/li>\n<li>Proximity<\/li>\n<li>Innovation<\/li>\n<\/ul>\n<p>* We carry out individualized sessions of manual therapy with physical exercise programs.<\/p>\n<p>*We use manual, technological (shock waves, electrotherapy &#8230;) techniques and physical exercise programs to complete the individual and personalized treatment.<\/p>\n<p>*When necessary we also use other technological tools of physiotherapy.<\/p>\n<p>*We treat each <strong>case in person<\/strong> and with the <strong>latest innovations<\/strong> to achieve the best results.<\/p>\n<p><span style=\"font-size: 90%;\"><strong>OUR TEAM:<\/strong><\/span><\/p>\n<div class=\"row row-large\"  id=\"row-240052507\">\n\n\n\t<div id=\"col-533307886\" class=\"col medium-4 small-12 large-4\"  >\n\t\t\t\t<div class=\"col-inner\"  >\n\t\t\t\n\t\t\t\n\n\t<div class=\"box has-hover   has-hover box-default box-text-bottom\" >\n\n\t\t<div class=\"box-image\" >\n\t\t\t\t\t\t<div class=\"image-cover\" style=\"padding-top:100%;\">\n\t\t\t\t<img loading=\"lazy\" decoding=\"async\" width=\"3797\" height=\"5696\" src=\"https:\/\/www.fisioterapia-xaviercerrato.com\/wp-content\/uploads\/2019\/04\/xavier-cerrato.jpg\" class=\"attachment- size-\" alt=\"\" srcset=\"https:\/\/www.fisioterapia-xaviercerrato.com\/wp-content\/uploads\/2019\/04\/xavier-cerrato.jpg 3797w, https:\/\/www.fisioterapia-xaviercerrato.com\/wp-content\/uploads\/2019\/04\/xavier-cerrato-267x400.jpg 267w, https:\/\/www.fisioterapia-xaviercerrato.com\/wp-content\/uploads\/2019\/04\/xavier-cerrato-768x1152.jpg 768w, https:\/\/www.fisioterapia-xaviercerrato.com\/wp-content\/uploads\/2019\/04\/xavier-cerrato-533x800.jpg 533w\" sizes=\"auto, (max-width: 3797px) 100vw, 3797px\" \/>\t\t\t\t\t\t\t\t\t\t\t<\/div>\n\t\t\t\t\t<\/div>\n\n\t\t<div class=\"box-text text-center\" >\n\t\t\t<div class=\"box-text-inner\">\n\t\t\t\t\n\n<p><strong><span style=\"font-size: 110%;\">Xavier Cerrato G\u00f3mez<\/span><br \/><\/strong>Facultad de Ciencias de la Salud Blanquerna<br \/>Physiotherapy in traumatology and rheumatology. Sports physiotherapy.<br \/>Collegiate number 8908<\/p>\n\n\t\t\t<\/div>\n\t\t<\/div>\n\t<\/div>\n\t\n\n\t\t<\/div>\n\t\t\t\t\t<\/div>\n\n\t\n\n\t<div id=\"col-228801775\" class=\"col medium-8 small-12 large-8\"  >\n\t\t\t\t<div class=\"col-inner\"  >\n\t\t\t\n\t\t\t\n\n<h3>OTHER INTERESTING FACTS:<\/h3>\n<ul>\n<li><strong>Physiotherapist of the Catalan Federation of Triathlon<\/strong> since 1998. Participating in all the Spanish Championships for Triathlon and Duathlon Autonomies until 2007.<\/li>\n<li>Postgraduate in Myofascial Pain and Dysfunction (DDM) and Dry Puncture. International University of Catalonia UIC. 2012-2013<\/li>\n<li><strong>International Certification in Sports Coaching<\/strong>. November 5 2014. Center for Higher Education in Postgraduate Euroinnova Business School. University of Granada<\/li>\n<li>Chiropractice training at <strong>the Spanish Chiromassage School<\/strong> V. L. Ferr\u00e1ndiz 1978. Chiromassage Diploma. December 19, 1985.<\/li>\n<li><strong>Manuelle Lymphadrinage<\/strong> nach Dr. Vooder. Copenhagen. Original methode Lymphatica<\/li>\n<li><strong>Chinese massage<\/strong> (tuina). 1 from 1992. Wang Muquin Dr. Xong Daching.<\/li>\n<li><strong>Acupuncture technician May 29, 2007. Dr. Antoni Monaco.<\/strong><\/li>\n<li>P<strong>hysiotherapist, physical trainer and athletics coach<\/strong>, for triathlon fellowships at the Blume Residence in Barcelona, \u200b\u200bfrom 2000 to 2007.<\/li>\n<li><strong>Fisioterapeuta y delegado de la Federaci\u00f3n Catalana de Triatl\u00f3n en la Copa del Mundo Green Cup<\/strong>, Argentina 2005. Subcampeones del mundo.<\/li>\n<li><strong>Master RETAN<\/strong>. Master&#8217;s Degree Sports Performance: Technification and High Performance.<\/li>\n<li><strong>Neurodynamics<\/strong>: Mobilizations of the Peripheral Nervous System. 9 and 10 April 2016. Accredited by the &#8220;Consell Catal\u00e0 de Formaci\u00f3 Continuada de les Professions sanit\u00e0ries&#8221;.<\/li>\n<\/ul>\n<p><strong>And other courses of the field.<\/strong><\/p>\n\n\t\t<\/div>\n\t\t\t\t\t<\/div>\n\n\t\n\n<\/div>\n<div class=\"row row-small\"  id=\"row-736012630\">\n\n\n\t<div id=\"col-1684988515\" class=\"col medium-4 small-12 large-4\"  >\n\t\t\t\t<div class=\"col-inner\"  >\n\t\t\t\n\t\t\t\n\n\n\t\t<\/div>\n\t\t\t\t\t<\/div>\n\n\t\n\n\t<div id=\"col-2008111405\" class=\"col medium-8 small-12 large-8\"  >\n\t\t\t\t<div class=\"col-inner\"  >\n\t\t\t\n\t\t\t\n\n\n\t\t<\/div>\n\t\t\t\t\t<\/div>\n\n\t\n\n\n<style>\n#row-736012630 > .col > .col-inner {\n  background-color: rgb(246, 246, 246);\n}\n<\/style>\n<\/div>\n<div class=\"row\"  id=\"row-1973814409\">\n\n\n\t<div id=\"col-332290498\" class=\"col small-12 large-12\"  >\n\t\t\t\t<div class=\"col-inner\"  >\n\t\t\t\n\t\t\t\n\n<p><span style=\"font-size: 110%;\"><strong>WHERE ARE WE:<\/strong><\/span><\/p>\n<p><strong>The Physiotherapy Consultation of Barcelona Xavier Cerrato is located in Barceloneta<\/strong>, the seaside district of Barcelona.<\/p>\n<p>You can reach <strong>METRO Line 4,<\/strong> yellow, stop Barceloneta. For different bus <strong>lines (17, 39, 45, 64)<\/strong> or find parking in the blue area, or in the municipal car parks of the Mercat de la Barceloneta or Passeig Joan de Borb\u00f3.<\/p>\n<p>Entering from the Passeig Joan de Borb\u00f3, on the Geneva street or Maquinista street, the ninth street parallel to the Passeig is the Mariners street.<\/p>\n<p>You can also enjoy a pleasant walk by the sea.<\/p>\n<p>&nbsp;<\/p>\n\n\t\t<\/div>\n\t\t\t\t\t<\/div>\n\n\t\n\n<\/div>\n\n\t\t<\/div>\n\n\t\t\n<style>\n#section_2065961178 {\n  padding-top: 30px;\n  padding-bottom: 30px;\n}\n<\/style>\n\t<\/section>\n\t\n\n\t\t<\/div>\n\t\t\t\t\t<\/div>\n\n\t\n\n<\/div>\n\n","protected":false},"excerpt":{"rendered":"","protected":false},"author":1,"featured_media":0,"parent":0,"menu_order":0,"comment_status":"closed","ping_status":"closed","template":"page-blank.php","meta":{"_joinchat":[],"footnotes":""},"class_list":["post-987","page","type-page","status-publish","hentry"],"_links":{"self":[{"href":"https:\/\/www.fisioterapia-xaviercerrato.com\/en\/wp-json\/wp\/v2\/pages\/987","targetHints":{"allow":["GET"]}}],"collection":[{"href":"https:\/\/www.fisioterapia-xaviercerrato.com\/en\/wp-json\/wp\/v2\/pages"}],"about":[{"href":"https:\/\/www.fisioterapia-xaviercerrato.com\/en\/wp-json\/wp\/v2\/types\/page"}],"author":[{"embeddable":true,"href":"https:\/\/www.fisioterapia-xaviercerrato.com\/en\/wp-json\/wp\/v2\/users\/1"}],"replies":[{"embeddable":true,"href":"https:\/\/www.fisioterapia-xaviercerrato.com\/en\/wp-json\/wp\/v2\/comments?post=987"}],"version-history":[{"count":13,"href":"https:\/\/www.fisioterapia-xaviercerrato.com\/en\/wp-json\/wp\/v2\/pages\/987\/revisions"}],"predecessor-version":[{"id":1569,"href":"https:\/\/www.fisioterapia-xaviercerrato.com\/en\/wp-json\/wp\/v2\/pages\/987\/revisions\/1569"}],"wp:attachment":[{"href":"https:\/\/www.fisioterapia-xaviercerrato.com\/en\/wp-json\/wp\/v2\/media?parent=987"}],"curies":[{"name":"wp","href":"https:\/\/api.w.org\/{rel}","templated":true}]}}